{"id":128,"date":"2022-03-20T16:18:00","date_gmt":"2022-03-20T15:18:00","guid":{"rendered":"https:\/\/conciencia-consciente.es\/blog\/?page_id=128"},"modified":"2022-03-20T16:18:01","modified_gmt":"2022-03-20T15:18:01","slug":"algunas-ideas","status":"publish","type":"page","link":"https:\/\/conciencia-consciente.es\/blog\/index.php\/algunas-ideas\/","title":{"rendered":"Algunas ideas&#8230;"},"content":{"rendered":"\n<p>\u00a1Encendiendo nuestra luz!<\/p>\n\n\n\n<p>Cada conciencia emite su propia luz con unos matices \u00fanicos que, guardando cierta semejanza con las otras conciencias que le acompa\u00f1an en este viaje por la vida, querr\u00e1 explorar y desarrollar observando los l\u00edmites del respeto y el espacio necesario para que otros seres hagan su propio desarrollo. \u00a1Hay lugar para todos!<\/p>\n\n\n\n<p>En esta web ponemos a disposici\u00f3n de la gente principios, herramientas y medios que les ayudan -o favorecen- a la hora de tomar decisiones basadas en la propia voluntad. Dicha voluntad nace en nuestro interior y a ese mecanismo lo llamamos &#8216;conciencia&#8217;. La R.A.E. (en el a\u00f1o 2022), en sus dos primeras acepciones dice lo siguiente: \u00abConocimiento del bien y del mal que permite a la persona enjuiciar moralmente la realidad y los actos, especialmente los propios. Sentido moral o \u00e9tico propios de una persona. (Ejemplo: &#8216;Son gentes sin conciencia&#8217;)\u00bb.<\/p>\n\n\n\n<p>A veces, por extensi\u00f3n, a ese lugar de nuestro ser, en el cual se aloja la voluntad, tambi\u00e9n se le llama figurativamente &#8216;coraz\u00f3n&#8217; y all\u00ed, en nuestro admirado y respetado &#8216;coraz\u00f3n&#8217;, tambi\u00e9n fueron depositadas otras maravillosas cualidades tales como: la consciencia, la l\u00f3gica y el c\u00e1lculo, la sensibilidad y la empat\u00eda, la imaginaci\u00f3n y la creatividad, la emoci\u00f3n y el sentimiento (amor, felicidad, euforia, esperanza, motivaci\u00f3n, pasi\u00f3n, satisfacci\u00f3n, diversi\u00f3n, bienestar y entusiasmo). En nuestro proyecto &#8216;conciencia consciente&#8217; tenemos la esperanza de que todos los seres sintientes se desarrollen en completa armon\u00eda y equilibrio seg\u00fan su esencia y prop\u00f3sito.<\/p>\n\n\n\n<h2 class=\"wp-block-heading\">La consciencia<\/h2>\n\n\n\n<p>Cuando manejamos el vocablo &#8216;consciencia&#8217;, lo hacemos de acuerdo con las acepciones 3, 4, 5 y 6 de la R.A.E. (2022)<\/p>\n\n\n\n<ol class=\"wp-block-list\" start=\"3\"><li>f. Conocimiento espont\u00e1neo y m\u00e1s o menos vago de una realidad. No ten\u00eda conciencia de haber ofendido a nadie.<\/li><li>f. Conocimiento claro y reflexivo de la realidad. Aqu\u00ed hay poca conciencia ecol\u00f3gica.<\/li><li>f. consciencia (\u2016 capacidad de reconocer la realidad circundante). Por fin recobr\u00f3 la conciencia.<\/li><li>f. Fil. Actividad mental del propio sujeto que permite sentirse presente en el mundo y en la realidad.<\/li><\/ol>\n\n\n\n<h2 class=\"wp-block-heading\">La salud<\/h2>\n\n\n\n<p>La expresi\u00f3n en lat\u00edn cl\u00e1sico, cuya traducci\u00f3n es \u2018una mente sana en un cuerpo sano\u2019 fue extra\u00edda de uno de los poemas sat\u00edricos escritos por el autor romano D\u00e9cimo Junio Juvenal, entre los siglos I y II d.C. El texto completo dice que \u201cdebemos orar por una mente sana en un cuerpo sano\u201d. No hay que olvidar que el mantenimiento de una mente sana tambi\u00e9n requiere el cuidado emocional y sentimental.<\/p>\n\n\n\n<h2 class=\"wp-block-heading\">La intuici\u00f3n<\/h2>\n\n\n\n<p>\u201cNo permitas que el ruido de las opiniones ajenas silencie tu voz interior. Y, lo que es m\u00e1s importante, ten el coraje de hacer lo que te dicten tu coraz\u00f3n y tu intuici\u00f3n. De alg\u00fan modo, ya sabes aquello en lo que realmente quieres convertirte.\u201d (Daniel Goleman)<\/p>\n\n\n\n<h2 class=\"wp-block-heading\">La libertad<\/h2>\n\n\n\n<p>\u201cLa libertad no es una filosof\u00eda y ni siquiera es una idea: es un movimiento de la conciencia que nos lleva, en ciertos momentos, a pronunciar dos monos\u00edlabos: S\u00ed o No.\u201d (Fernando Savater)<\/p>\n\n\n\n<h2 class=\"wp-block-heading\">La ley interior<\/h2>\n\n\n\n<p>\u201cPorque cuando los incr\u00e9dulos que no tienen ley, hacen por naturaleza lo que es de la ley, estos, aunque no tengan ley, son ley para s\u00ed mismos, mostrando la obra de la ley escrita en sus corazones, dando testimonio su conciencia, y acus\u00e1ndoles o defendi\u00e9ndoles sus razonamientos, en el d\u00eda en que \u00c9l Alt\u00edsimo juzgar\u00e1 los secretos de los hombres\u201d (Romanos 2:14-16)<\/p>\n\n\n\n<h2 class=\"wp-block-heading\">La convivencia<\/h2>\n\n\n\n<p>Todos somos iguales ante esa ley interior que yace en nuestra conciencia; algunos la llaman &#8216;ley natural&#8217;. Ninguna ley humana est\u00e1 por encima de la ley de la conciencia. Las leyes internacionales asisten este derecho inalienable: &#8216;la objeci\u00f3n de conciencia&#8217; a la hora de no aceptar normas o leyes impuestas por decreto por las autoridades gubernamentales.<\/p>\n\n\n\n<h2 class=\"wp-block-heading\">Compasi\u00f3n<\/h2>\n\n\n\n<p>Par\u00e1bola del buen samaritano<\/p>\n\n\n\n<p>25 En esto se present\u00f3 un experto en la ley y, para poner a prueba a Jes\u00fas, le hizo esta pregunta:<\/p>\n\n\n\n<p>\u2014Maestro, \u00bfqu\u00e9 tengo que hacer para heredar la vida eterna?<\/p>\n\n\n\n<p>26 Jes\u00fas replic\u00f3:<\/p>\n\n\n\n<p>\u2014\u00bfQu\u00e9 est\u00e1 escrito en la ley? \u00bfC\u00f3mo la interpretas t\u00fa?<\/p>\n\n\n\n<p>27 Como respuesta el hombre cit\u00f3:<\/p>\n\n\n\n<p>\u2014\u201cAma al Se\u00f1or tu Dios con todo tu coraz\u00f3n, con todo tu ser, con todas tus fuerzas y con toda tu mente\u201d,[a] y: \u201cAma a tu pr\u00f3jimo como a ti mismo\u201d.[b]<\/p>\n\n\n\n<p>28 \u2014Bien contestado \u2014le dijo Jes\u00fas\u2014. Haz eso y vivir\u00e1s.<\/p>\n\n\n\n<p>29 Pero \u00e9l quer\u00eda justificarse, as\u00ed que le pregunt\u00f3 a Jes\u00fas:<\/p>\n\n\n\n<p>\u2014\u00bfY qui\u00e9n es mi pr\u00f3jimo?<\/p>\n\n\n\n<p>30 Jes\u00fas respondi\u00f3:<\/p>\n\n\n\n<p>\u2014Bajaba un hombre de Jerusal\u00e9n a Jeric\u00f3, y cay\u00f3 en manos de unos ladrones. Le quitaron la ropa, lo golpearon y se fueron, dej\u00e1ndolo medio muerto. 31 Resulta que viajaba por el mismo camino un sacerdote quien, al verlo, se desvi\u00f3 y sigui\u00f3 de largo. 32 As\u00ed tambi\u00e9n lleg\u00f3 a aquel lugar un levita y, al verlo, se desvi\u00f3 y sigui\u00f3 de largo. 33 Pero un samaritano que iba de viaje lleg\u00f3 adonde estaba el hombre y, vi\u00e9ndolo, se compadeci\u00f3 de \u00e9l. 34 Se acerc\u00f3, le cur\u00f3 las heridas con vino y aceite, y se las vend\u00f3. Luego lo mont\u00f3 sobre su propia cabalgadura, lo llev\u00f3 a un alojamiento y lo cuid\u00f3. 35 Al d\u00eda siguiente, sac\u00f3 dos monedas de plata[c] y se las dio al due\u00f1o del alojamiento. \u201cCu\u00eddemelo \u2014le dijo\u2014, y lo que gaste usted de m\u00e1s, se lo pagar\u00e9 cuando yo vuelva\u201d. 36 \u00bfCu\u00e1l de estos tres piensas que demostr\u00f3 ser el pr\u00f3jimo del que cay\u00f3 en manos de los ladrones?<\/p>\n\n\n\n<p>37 \u2014El que se compadeci\u00f3 de \u00e9l \u2014contest\u00f3 el experto en la ley.<\/p>\n\n\n\n<p>\u2014Anda entonces y haz t\u00fa lo mismo \u2014concluy\u00f3 Jes\u00fas.<\/p>\n","protected":false},"excerpt":{"rendered":"<p>\u00a1Encendiendo nuestra luz! Cada conciencia emite su propia luz con unos matices \u00fanicos que, guardando cierta semejanza con las otras conciencias que le acompa\u00f1an en este viaje por la vida, querr\u00e1 explorar y desarrollar observando los l\u00edmites del respeto y el espacio necesario para que otros seres hagan su propio desarrollo. \u00a1Hay lugar para todos! [&hellip;]<\/p>\n","protected":false},"author":1,"featured_media":0,"parent":0,"menu_order":0,"comment_status":"closed","ping_status":"closed","template":"","meta":{"footnotes":""},"class_list":["post-128","page","type-page","status-publish","hentry"],"yoast_head":"<!-- This site is optimized with the Yoast SEO plugin v22.8 - https:\/\/yoast.com\/wordpress\/plugins\/seo\/ -->\n<title>Algunas ideas... - Conciencia Consciente<\/title>\n<meta name=\"robots\" content=\"index, follow, max-snippet:-1, max-image-preview:large, max-video-preview:-1\" \/>\n<link rel=\"canonical\" href=\"https:\/\/conciencia-consciente.es\/blog\/index.php\/algunas-ideas\/\" \/>\n<meta property=\"og:locale\" content=\"es_ES\" \/>\n<meta property=\"og:type\" content=\"article\" \/>\n<meta property=\"og:title\" content=\"Algunas ideas... - Conciencia Consciente\" \/>\n<meta property=\"og:description\" content=\"\u00a1Encendiendo nuestra luz! Cada conciencia emite su propia luz con unos matices \u00fanicos que, guardando cierta semejanza con las otras conciencias que le acompa\u00f1an en este viaje por la vida, querr\u00e1 explorar y desarrollar observando los l\u00edmites del respeto y el espacio necesario para que otros seres hagan su propio desarrollo. \u00a1Hay lugar para todos! [&hellip;]\" \/>\n<meta property=\"og:url\" content=\"https:\/\/conciencia-consciente.es\/blog\/index.php\/algunas-ideas\/\" \/>\n<meta property=\"og:site_name\" content=\"Conciencia Consciente\" \/>\n<meta property=\"article:modified_time\" content=\"2022-03-20T15:18:01+00:00\" \/>\n<meta name=\"twitter:card\" content=\"summary_large_image\" \/>\n<meta name=\"twitter:label1\" content=\"Tiempo de lectura\" \/>\n\t<meta name=\"twitter:data1\" content=\"5 minutos\" \/>\n<script type=\"application\/ld+json\" class=\"yoast-schema-graph\">{\"@context\":\"https:\/\/schema.org\",\"@graph\":[{\"@type\":\"WebPage\",\"@id\":\"https:\/\/conciencia-consciente.es\/blog\/index.php\/algunas-ideas\/\",\"url\":\"https:\/\/conciencia-consciente.es\/blog\/index.php\/algunas-ideas\/\",\"name\":\"Algunas ideas... - Conciencia Consciente\",\"isPartOf\":{\"@id\":\"https:\/\/conciencia-consciente.es\/blog\/#website\"},\"datePublished\":\"2022-03-20T15:18:00+00:00\",\"dateModified\":\"2022-03-20T15:18:01+00:00\",\"breadcrumb\":{\"@id\":\"https:\/\/conciencia-consciente.es\/blog\/index.php\/algunas-ideas\/#breadcrumb\"},\"inLanguage\":\"es\",\"potentialAction\":[{\"@type\":\"ReadAction\",\"target\":[\"https:\/\/conciencia-consciente.es\/blog\/index.php\/algunas-ideas\/\"]}]},{\"@type\":\"BreadcrumbList\",\"@id\":\"https:\/\/conciencia-consciente.es\/blog\/index.php\/algunas-ideas\/#breadcrumb\",\"itemListElement\":[{\"@type\":\"ListItem\",\"position\":1,\"name\":\"Portada\",\"item\":\"https:\/\/conciencia-consciente.es\/blog\/\"},{\"@type\":\"ListItem\",\"position\":2,\"name\":\"Algunas ideas&#8230;\"}]},{\"@type\":\"WebSite\",\"@id\":\"https:\/\/conciencia-consciente.es\/blog\/#website\",\"url\":\"https:\/\/conciencia-consciente.es\/blog\/\",\"name\":\"Conciencia Consciente\",\"description\":\"\u00a1Queremos usar nuestra conciencia!\",\"potentialAction\":[{\"@type\":\"SearchAction\",\"target\":{\"@type\":\"EntryPoint\",\"urlTemplate\":\"https:\/\/conciencia-consciente.es\/blog\/?s={search_term_string}\"},\"query-input\":\"required name=search_term_string\"}],\"inLanguage\":\"es\"}]}<\/script>\n<!-- \/ Yoast SEO plugin. -->","yoast_head_json":{"title":"Algunas ideas... - Conciencia Consciente","robots":{"index":"index","follow":"follow","max-snippet":"max-snippet:-1","max-image-preview":"max-image-preview:large","max-video-preview":"max-video-preview:-1"},"canonical":"https:\/\/conciencia-consciente.es\/blog\/index.php\/algunas-ideas\/","og_locale":"es_ES","og_type":"article","og_title":"Algunas ideas... - Conciencia Consciente","og_description":"\u00a1Encendiendo nuestra luz! Cada conciencia emite su propia luz con unos matices \u00fanicos que, guardando cierta semejanza con las otras conciencias que le acompa\u00f1an en este viaje por la vida, querr\u00e1 explorar y desarrollar observando los l\u00edmites del respeto y el espacio necesario para que otros seres hagan su propio desarrollo. \u00a1Hay lugar para todos! [&hellip;]","og_url":"https:\/\/conciencia-consciente.es\/blog\/index.php\/algunas-ideas\/","og_site_name":"Conciencia Consciente","article_modified_time":"2022-03-20T15:18:01+00:00","twitter_card":"summary_large_image","twitter_misc":{"Tiempo de lectura":"5 minutos"},"schema":{"@context":"https:\/\/schema.org","@graph":[{"@type":"WebPage","@id":"https:\/\/conciencia-consciente.es\/blog\/index.php\/algunas-ideas\/","url":"https:\/\/conciencia-consciente.es\/blog\/index.php\/algunas-ideas\/","name":"Algunas ideas... - Conciencia Consciente","isPartOf":{"@id":"https:\/\/conciencia-consciente.es\/blog\/#website"},"datePublished":"2022-03-20T15:18:00+00:00","dateModified":"2022-03-20T15:18:01+00:00","breadcrumb":{"@id":"https:\/\/conciencia-consciente.es\/blog\/index.php\/algunas-ideas\/#breadcrumb"},"inLanguage":"es","potentialAction":[{"@type":"ReadAction","target":["https:\/\/conciencia-consciente.es\/blog\/index.php\/algunas-ideas\/"]}]},{"@type":"BreadcrumbList","@id":"https:\/\/conciencia-consciente.es\/blog\/index.php\/algunas-ideas\/#breadcrumb","itemListElement":[{"@type":"ListItem","position":1,"name":"Portada","item":"https:\/\/conciencia-consciente.es\/blog\/"},{"@type":"ListItem","position":2,"name":"Algunas ideas&#8230;"}]},{"@type":"WebSite","@id":"https:\/\/conciencia-consciente.es\/blog\/#website","url":"https:\/\/conciencia-consciente.es\/blog\/","name":"Conciencia Consciente","description":"\u00a1Queremos usar nuestra conciencia!","potentialAction":[{"@type":"SearchAction","target":{"@type":"EntryPoint","urlTemplate":"https:\/\/conciencia-consciente.es\/blog\/?s={search_term_string}"},"query-input":"required name=search_term_string"}],"inLanguage":"es"}]}},"_links":{"self":[{"href":"https:\/\/conciencia-consciente.es\/blog\/index.php\/wp-json\/wp\/v2\/pages\/128","targetHints":{"allow":["GET"]}}],"collection":[{"href":"https:\/\/conciencia-consciente.es\/blog\/index.php\/wp-json\/wp\/v2\/pages"}],"about":[{"href":"https:\/\/conciencia-consciente.es\/blog\/index.php\/wp-json\/wp\/v2\/types\/page"}],"author":[{"embeddable":true,"href":"https:\/\/conciencia-consciente.es\/blog\/index.php\/wp-json\/wp\/v2\/users\/1"}],"replies":[{"embeddable":true,"href":"https:\/\/conciencia-consciente.es\/blog\/index.php\/wp-json\/wp\/v2\/comments?post=128"}],"version-history":[{"count":1,"href":"https:\/\/conciencia-consciente.es\/blog\/index.php\/wp-json\/wp\/v2\/pages\/128\/revisions"}],"predecessor-version":[{"id":131,"href":"https:\/\/conciencia-consciente.es\/blog\/index.php\/wp-json\/wp\/v2\/pages\/128\/revisions\/131"}],"wp:attachment":[{"href":"https:\/\/conciencia-consciente.es\/blog\/index.php\/wp-json\/wp\/v2\/media?parent=128"}],"curies":[{"name":"wp","href":"https:\/\/api.w.org\/{rel}","templated":true}]}}