{"id":2,"date":"2022-03-05T08:47:21","date_gmt":"2022-03-05T08:47:21","guid":{"rendered":"https:\/\/conciencia-consciente.es\/blog\/?page_id=2"},"modified":"2022-03-20T16:14:26","modified_gmt":"2022-03-20T15:14:26","slug":"sample-page","status":"publish","type":"page","link":"https:\/\/conciencia-consciente.es\/blog\/index.php\/sample-page\/","title":{"rendered":"Acerca de&#8230;"},"content":{"rendered":"\n<p>Conciencia Consciente (<a href=\"http:\/\/conciencia-consciente.es\">ir a la web&#8230;<\/a>) es un lugar dedicado a la \u00abinformaci\u00f3n alternativa\u00bb y tiene su p\u00fablico entre aquellos que suelen guiarse por su conciencia individual. Pulse sobre el texto resaltado para ir al sitio. Hemos preparado una lista de correo (<a href=\"https:\/\/conciencia-consciente.es\/suscribase\/\">ir al formulario&#8230;<\/a>) para informar a los suscriptores de cambios urgentes en casos de censura. Lo medios masivos de comunicaci\u00f3n se centran en los intereses de sus propietarios y aquello que publican no tienen por que ser la verdad de un asunto o suceso o persona o entidad. Dicho de otra manera: aqu\u00ed se trabaja con cierta informaci\u00f3n que aunque no sea \u00abpoliticamente correcta\u00bb s\u00ed que sueler ser muy provechosa para el bienestar mental, emocional y espiritual de sus consumidores.<\/p>\n\n\n\n<p>El canal \u00abConciencia Consciente\u00bb se centra en compartir m\u00fasica, opiniones, noticias y art\u00edculos sobre tem\u00e1tica de: Conciencia, consciencia, altruismo, espiritualidad, salud y supervivencia.<\/p>\n\n\n\n<p>Los v\u00eddeos que suelen ser objeto de censura se publican en <a href=\"https:\/\/odysee.com\/@conciencia-consciente\">Odysee<\/a> y el resto en <a href=\"https:\/\/www.youtube.com\/channel\/UCZHkr0wvrrEm1bPr6EzS41g\">YouTube<\/a>. Pulse sobre el texto resaltado para ir al sitio. Desde cada post se indica el link de acceso correspondiente.<\/p>\n\n\n\n<p>La comunidad de suscriptores suelen compartir sus opiniones en un <a href=\"https:\/\/t.me\/+44cBlsu1yh00ZTc0\">canal de chat<\/a> en T\u00e9legram. El <a href=\"https:\/\/t.me\/conciencia_consciente\">canal de noticias<\/a> tambi\u00e9n est\u00e1 en Telegram. Pulse sobre el texto resaltado para ir al sitio. El canal no tiene creencias oficiales dado que cada cual es libre de emprender el camino que considere necesario para desarrollar sus ideas y entrenar a su propia conciencia.<\/p>\n\n\n\n<p>Un gusto tenerle de visita por este lugar.<\/p>\n","protected":false},"excerpt":{"rendered":"<p>Conciencia Consciente (ir a la web&#8230;) es un lugar dedicado a la \u00abinformaci\u00f3n alternativa\u00bb y tiene su p\u00fablico entre aquellos que suelen guiarse por su conciencia individual. Pulse sobre el texto resaltado para ir al sitio. Hemos preparado una lista de correo (ir al formulario&#8230;) para informar a los suscriptores de cambios urgentes en casos [&hellip;]<\/p>\n","protected":false},"author":1,"featured_media":0,"parent":0,"menu_order":0,"comment_status":"closed","ping_status":"closed","template":"","meta":{"footnotes":""},"class_list":["post-2","page","type-page","status-publish","hentry"],"yoast_head":"<!-- This site is optimized with the Yoast SEO plugin v22.8 - https:\/\/yoast.com\/wordpress\/plugins\/seo\/ -->\n<title>Acerca de... - Conciencia Consciente<\/title>\n<meta name=\"robots\" content=\"index, follow, max-snippet:-1, max-image-preview:large, max-video-preview:-1\" \/>\n<link rel=\"canonical\" href=\"https:\/\/conciencia-consciente.es\/blog\/index.php\/sample-page\/\" \/>\n<meta property=\"og:locale\" content=\"es_ES\" \/>\n<meta property=\"og:type\" content=\"article\" \/>\n<meta property=\"og:title\" content=\"Acerca de... - Conciencia Consciente\" \/>\n<meta property=\"og:description\" content=\"Conciencia Consciente (ir a la web&#8230;) es un lugar dedicado a la \u00abinformaci\u00f3n alternativa\u00bb y tiene su p\u00fablico entre aquellos que suelen guiarse por su conciencia individual. Pulse sobre el texto resaltado para ir al sitio. Hemos preparado una lista de correo (ir al formulario&#8230;) para informar a los suscriptores de cambios urgentes en casos [&hellip;]\" \/>\n<meta property=\"og:url\" content=\"https:\/\/conciencia-consciente.es\/blog\/index.php\/sample-page\/\" \/>\n<meta property=\"og:site_name\" content=\"Conciencia Consciente\" \/>\n<meta property=\"article:modified_time\" content=\"2022-03-20T15:14:26+00:00\" \/>\n<meta name=\"twitter:card\" content=\"summary_large_image\" \/>\n<meta name=\"twitter:label1\" content=\"Tiempo de lectura\" \/>\n\t<meta name=\"twitter:data1\" content=\"2 minutos\" \/>\n<script type=\"application\/ld+json\" class=\"yoast-schema-graph\">{\"@context\":\"https:\/\/schema.org\",\"@graph\":[{\"@type\":\"WebPage\",\"@id\":\"https:\/\/conciencia-consciente.es\/blog\/index.php\/sample-page\/\",\"url\":\"https:\/\/conciencia-consciente.es\/blog\/index.php\/sample-page\/\",\"name\":\"Acerca de... - Conciencia Consciente\",\"isPartOf\":{\"@id\":\"https:\/\/conciencia-consciente.es\/blog\/#website\"},\"datePublished\":\"2022-03-05T08:47:21+00:00\",\"dateModified\":\"2022-03-20T15:14:26+00:00\",\"breadcrumb\":{\"@id\":\"https:\/\/conciencia-consciente.es\/blog\/index.php\/sample-page\/#breadcrumb\"},\"inLanguage\":\"es\",\"potentialAction\":[{\"@type\":\"ReadAction\",\"target\":[\"https:\/\/conciencia-consciente.es\/blog\/index.php\/sample-page\/\"]}]},{\"@type\":\"BreadcrumbList\",\"@id\":\"https:\/\/conciencia-consciente.es\/blog\/index.php\/sample-page\/#breadcrumb\",\"itemListElement\":[{\"@type\":\"ListItem\",\"position\":1,\"name\":\"Portada\",\"item\":\"https:\/\/conciencia-consciente.es\/blog\/\"},{\"@type\":\"ListItem\",\"position\":2,\"name\":\"Acerca de&#8230;\"}]},{\"@type\":\"WebSite\",\"@id\":\"https:\/\/conciencia-consciente.es\/blog\/#website\",\"url\":\"https:\/\/conciencia-consciente.es\/blog\/\",\"name\":\"Conciencia Consciente\",\"description\":\"\u00a1Queremos usar nuestra conciencia!\",\"potentialAction\":[{\"@type\":\"SearchAction\",\"target\":{\"@type\":\"EntryPoint\",\"urlTemplate\":\"https:\/\/conciencia-consciente.es\/blog\/?s={search_term_string}\"},\"query-input\":\"required name=search_term_string\"}],\"inLanguage\":\"es\"}]}<\/script>\n<!-- \/ Yoast SEO plugin. -->","yoast_head_json":{"title":"Acerca de... - Conciencia Consciente","robots":{"index":"index","follow":"follow","max-snippet":"max-snippet:-1","max-image-preview":"max-image-preview:large","max-video-preview":"max-video-preview:-1"},"canonical":"https:\/\/conciencia-consciente.es\/blog\/index.php\/sample-page\/","og_locale":"es_ES","og_type":"article","og_title":"Acerca de... - Conciencia Consciente","og_description":"Conciencia Consciente (ir a la web&#8230;) es un lugar dedicado a la \u00abinformaci\u00f3n alternativa\u00bb y tiene su p\u00fablico entre aquellos que suelen guiarse por su conciencia individual. Pulse sobre el texto resaltado para ir al sitio. Hemos preparado una lista de correo (ir al formulario&#8230;) para informar a los suscriptores de cambios urgentes en casos [&hellip;]","og_url":"https:\/\/conciencia-consciente.es\/blog\/index.php\/sample-page\/","og_site_name":"Conciencia Consciente","article_modified_time":"2022-03-20T15:14:26+00:00","twitter_card":"summary_large_image","twitter_misc":{"Tiempo de lectura":"2 minutos"},"schema":{"@context":"https:\/\/schema.org","@graph":[{"@type":"WebPage","@id":"https:\/\/conciencia-consciente.es\/blog\/index.php\/sample-page\/","url":"https:\/\/conciencia-consciente.es\/blog\/index.php\/sample-page\/","name":"Acerca de... - Conciencia Consciente","isPartOf":{"@id":"https:\/\/conciencia-consciente.es\/blog\/#website"},"datePublished":"2022-03-05T08:47:21+00:00","dateModified":"2022-03-20T15:14:26+00:00","breadcrumb":{"@id":"https:\/\/conciencia-consciente.es\/blog\/index.php\/sample-page\/#breadcrumb"},"inLanguage":"es","potentialAction":[{"@type":"ReadAction","target":["https:\/\/conciencia-consciente.es\/blog\/index.php\/sample-page\/"]}]},{"@type":"BreadcrumbList","@id":"https:\/\/conciencia-consciente.es\/blog\/index.php\/sample-page\/#breadcrumb","itemListElement":[{"@type":"ListItem","position":1,"name":"Portada","item":"https:\/\/conciencia-consciente.es\/blog\/"},{"@type":"ListItem","position":2,"name":"Acerca de&#8230;"}]},{"@type":"WebSite","@id":"https:\/\/conciencia-consciente.es\/blog\/#website","url":"https:\/\/conciencia-consciente.es\/blog\/","name":"Conciencia Consciente","description":"\u00a1Queremos usar nuestra conciencia!","potentialAction":[{"@type":"SearchAction","target":{"@type":"EntryPoint","urlTemplate":"https:\/\/conciencia-consciente.es\/blog\/?s={search_term_string}"},"query-input":"required name=search_term_string"}],"inLanguage":"es"}]}},"_links":{"self":[{"href":"https:\/\/conciencia-consciente.es\/blog\/index.php\/wp-json\/wp\/v2\/pages\/2","targetHints":{"allow":["GET"]}}],"collection":[{"href":"https:\/\/conciencia-consciente.es\/blog\/index.php\/wp-json\/wp\/v2\/pages"}],"about":[{"href":"https:\/\/conciencia-consciente.es\/blog\/index.php\/wp-json\/wp\/v2\/types\/page"}],"author":[{"embeddable":true,"href":"https:\/\/conciencia-consciente.es\/blog\/index.php\/wp-json\/wp\/v2\/users\/1"}],"replies":[{"embeddable":true,"href":"https:\/\/conciencia-consciente.es\/blog\/index.php\/wp-json\/wp\/v2\/comments?post=2"}],"version-history":[{"count":10,"href":"https:\/\/conciencia-consciente.es\/blog\/index.php\/wp-json\/wp\/v2\/pages\/2\/revisions"}],"predecessor-version":[{"id":127,"href":"https:\/\/conciencia-consciente.es\/blog\/index.php\/wp-json\/wp\/v2\/pages\/2\/revisions\/127"}],"wp:attachment":[{"href":"https:\/\/conciencia-consciente.es\/blog\/index.php\/wp-json\/wp\/v2\/media?parent=2"}],"curies":[{"name":"wp","href":"https:\/\/api.w.org\/{rel}","templated":true}]}}